{"id":1973,"date":"2026-01-15T17:14:26","date_gmt":"2026-01-16T00:14:26","guid":{"rendered":"https:\/\/naissancesacree.com\/?page_id=1973"},"modified":"2026-01-23T15:18:53","modified_gmt":"2026-01-23T22:18:53","slug":"mama-circle","status":"publish","type":"page","link":"https:\/\/naissancesacree.com\/fr\/sacred-birth-education\/mama-circle\/","title":{"rendered":"Mama Circle"},"content":{"rendered":"<div id=\"fws_69e7390a814e7\"  data-column-margin=\"default\" data-midnight=\"dark\" data-top-percent=\"5%\" data-bottom-percent=\"5%\"  class=\"wpb_row vc_row-fluid vc_row full-width-section  top_padding_phone_15pct bottom_padding_phone_15pct\"  style=\"padding-top: calc(100vw * 0.05); padding-bottom: calc(100vw * 0.05); \"><div class=\"row-bg-wrap\" data-bg-animation=\"none\" data-bg-animation-delay=\"\" data-bg-overlay=\"true\"><div class=\"inner-wrap row-bg-layer using-image\" ><div class=\"row-bg viewport-desktop using-image\"  style=\"background-image: url(https:\/\/naissancesacree.com\/wp-content\/uploads\/2026\/01\/pexels-kseniya-lapteva-93670191-9280917.webp); background-position: left top; background-repeat: no-repeat; \"><\/div><\/div><div class=\"row-bg-overlay row-bg-layer\" style=\"background: #FFFFFF; background: linear-gradient(90deg,#FFFFFF 0%,#FFFFFF 100%);  opacity: 0.8; \"><\/div><\/div><div class=\"row_col_wrap_12 col span_12 dark center\">\n\t<div  class=\"vc_col-sm-12 wpb_column column_container vc_column_container col no-extra-padding inherit_tablet inherit_phone\"  data-padding-pos=\"all\" data-has-bg-color=\"false\" data-bg-color=\"\" data-bg-opacity=\"1\" data-animation=\"\" data-delay=\"0\" >\n\t\t<div class=\"vc_column-inner\" >\n\t\t\t<div class=\"wpb_wrapper\">\n\t\t\t\t\n<div class=\"wpb_text_column wpb_content_element  h1 uppercase\" style=\" max-width: 500px; display: inline-block;\">\n\t<div class=\"wpb_wrapper\">\n\t\t<p style=\"text-align: center;\">Education en Naissance Sacr\u00e9e<\/p>\n\t<\/div>\n<\/div>\n\n\n\n<h1 style=\"color: #BB8487;text-align: center\" class=\"vc_custom_heading vc_do_custom_heading\" >Mama Circle<\/h1><div class=\"divider-wrap\" data-alignment=\"default\"><div style=\"height: 20px;\" class=\"divider\"><\/div><\/div>\n<div class=\"wpb_text_column wpb_content_element\" >\n\t<div class=\"wpb_wrapper\">\n\t\t<h3 style=\"text-align: center;\"><b>Cercle de Femmes<\/b><\/h3>\n<p style=\"text-align: center;\"><b>Temple du F\u00e9minin Sacr\u00e9 &amp; M\u00e9moire des M\u00e8res<\/b><\/p>\n\t<\/div>\n<\/div>\n\n\n\n<div class=\"img-with-aniamtion-wrap center\" data-max-width=\"100%\" data-max-width-mobile=\"default\" data-shadow=\"none\" data-animation=\"none\" >\n      <div class=\"inner\">\n        <div class=\"hover-wrap\"> \n          <div class=\"hover-wrap-inner\">\n            <img loading=\"lazy\" decoding=\"async\" class=\"img-with-animation skip-lazy\" data-delay=\"0\" height=\"1333\" width=\"2000\" data-animation=\"none\" src=\"https:\/\/naissancesacree.com\/wp-content\/uploads\/2026\/01\/becca-tapert-8_wjL7l5tik-unsplash.jpg\" alt=\"\" srcset=\"https:\/\/naissancesacree.com\/wp-content\/uploads\/2026\/01\/becca-tapert-8_wjL7l5tik-unsplash.jpg 2000w, https:\/\/naissancesacree.com\/wp-content\/uploads\/2026\/01\/becca-tapert-8_wjL7l5tik-unsplash-300x200.jpg 300w, https:\/\/naissancesacree.com\/wp-content\/uploads\/2026\/01\/becca-tapert-8_wjL7l5tik-unsplash-1024x682.jpg 1024w, https:\/\/naissancesacree.com\/wp-content\/uploads\/2026\/01\/becca-tapert-8_wjL7l5tik-unsplash-768x512.jpg 768w, https:\/\/naissancesacree.com\/wp-content\/uploads\/2026\/01\/becca-tapert-8_wjL7l5tik-unsplash-1536x1024.jpg 1536w, https:\/\/naissancesacree.com\/wp-content\/uploads\/2026\/01\/becca-tapert-8_wjL7l5tik-unsplash-18x12.jpg 18w, https:\/\/naissancesacree.com\/wp-content\/uploads\/2026\/01\/becca-tapert-8_wjL7l5tik-unsplash-900x600.jpg 900w\" sizes=\"auto, (max-width: 2000px) 100vw, 2000px\" \/>\n          <\/div>\n        <\/div>\n      <\/div>\n    <\/div><div class=\"divider-wrap\" data-alignment=\"default\"><div style=\"height: 20px;\" class=\"divider\"><\/div><\/div>\n<div class=\"wpb_text_column wpb_content_element\" >\n\t<div class=\"wpb_wrapper\">\n\t\t<h2 style=\"text-align: center;\"><b>QU'EST-CE QUE C'EST ?<\/b><\/h2>\n<p style=\"text-align: center;\">Le cercle est l\u2019une des formes les plus anciennes du f\u00e9minin sacr\u00e9.<br \/>\nIl est le lieu o\u00f9 les femmes se rassemblent depuis la nuit des temps<br \/>\npour honorer la vie, la naissance, les passages, la mort et la renaissance.<\/p>\n<p style=\"text-align: center;\">Ces cercles sont <b>espaces-temples<\/b>, hors du temps,<br \/>\no\u00f9 les femmes de toutes g\u00e9n\u00e9rations sont invit\u00e9es \u00e0 revenir \u00e0 l\u2019essentiel :<br \/>\nleur corps, leur c\u0153ur, leur ut\u00e9rus, leur sagesse int\u00e9rieure.<\/p>\n<p style=\"text-align: center;\">Ils accueillent les femmes en d\u00e9sir d\u2019enfant,<br \/>\nles m\u00e8res \u00e0 \u00eatre,<br \/>\nles m\u00e8res qui ont enfant\u00e9,<br \/>\nles grand-m\u00e8res, gardiennes des lign\u00e9es,<br \/>\net toutes celles qui ressentent l\u2019appel du f\u00e9minin sacr\u00e9,<br \/>\nqu\u2019elles aient port\u00e9 un enfant ou non.<\/p>\n<p style=\"text-align: center;\">Dans le cercle, la parole devient m\u00e9decine.<br \/>\nChaque voix est honor\u00e9e.<br \/>\nChaque silence est respect\u00e9.<br \/>\nLes histoires personnelles se m\u00ealent \u00e0 la m\u00e9moire collective,<br \/>\nles blessures des lign\u00e9es trouvent un espace de douceur et de transmutation.<\/p>\n\t<\/div>\n<\/div>\n\n\n\n\n\t\t\t<\/div> \n\t\t<\/div>\n\t<\/div> \n<\/div><\/div>\n\t\t<div id=\"fws_69e7390a82037\"  data-column-margin=\"default\" data-midnight=\"dark\" data-top-percent=\"5%\" data-bottom-percent=\"5%\"  class=\"wpb_row vc_row-fluid vc_row full-width-section  top_padding_phone_15pct bottom_padding_phone_15pct\"  style=\"padding-top: calc(100vw * 0.05); padding-bottom: calc(100vw * 0.05); \"><div class=\"row-bg-wrap\" data-bg-animation=\"none\" data-bg-animation-delay=\"\" data-bg-overlay=\"false\"><div class=\"inner-wrap row-bg-layer\" ><div class=\"row-bg viewport-desktop\"  style=\"\"><\/div><\/div><\/div><div class=\"row_col_wrap_12 col span_12 dark left\">\n\t<div  class=\"vc_col-sm-12 wpb_column column_container vc_column_container col no-extra-padding inherit_tablet inherit_phone\"  data-padding-pos=\"all\" data-has-bg-color=\"false\" data-bg-color=\"\" data-bg-opacity=\"1\" data-animation=\"\" data-delay=\"0\" >\n\t\t<div class=\"vc_column-inner\" >\n\t\t\t<div class=\"wpb_wrapper\">\n\t\t\t\t<div id=\"fws_69e7390a82228\" data-midnight=\"\" data-column-margin=\"default\" class=\"wpb_row vc_row-fluid vc_row inner_row\"  style=\"\"><div class=\"row-bg-wrap\"> <div class=\"row-bg\" ><\/div> <\/div><div class=\"row_col_wrap_12_inner col span_12  left\">\n\t<div  class=\"vc_col-sm-6 wpb_column column_container vc_column_container col child_column no-extra-padding inherit_tablet inherit_phone\"   data-padding-pos=\"all\" data-has-bg-color=\"false\" data-bg-color=\"\" data-bg-opacity=\"1\" data-animation=\"\" data-delay=\"0\" >\n\t\t<div class=\"vc_column-inner\" >\n\t\t<div class=\"wpb_wrapper\">\n\t\t\t\n<div class=\"wpb_text_column wpb_content_element\" >\n\t<div class=\"wpb_wrapper\">\n\t\t<p>Ces cercles sont <b>portals of healing and reconnection<\/b>:<br \/>\n- reconnexion \u00e0 la matrice cr\u00e9atrice<br \/>\n- gu\u00e9rison des m\u00e9moires f\u00e9minines et maternelles<br \/>\n- activation de la sagesse ancestrale<br \/>\n- soutien \u00e9nerg\u00e9tique dans les passages de vie<br \/>\n\u2013 c\u00e9l\u00e9bration de la femme cyclique et intuitive<\/p>\n\t<\/div>\n<\/div>\n\n\n\n\n\t\t<\/div> \n\t<\/div>\n\t<\/div> \n\n\t<div  class=\"vc_col-sm-6 wpb_column column_container vc_column_container col child_column no-extra-padding inherit_tablet inherit_phone\"   data-padding-pos=\"all\" data-has-bg-color=\"false\" data-bg-color=\"\" data-bg-opacity=\"1\" data-animation=\"\" data-delay=\"0\" >\n\t\t<div class=\"vc_column-inner\" >\n\t\t<div class=\"wpb_wrapper\">\n\t\t\t\n<div class=\"wpb_text_column wpb_content_element\" >\n\t<div class=\"wpb_wrapper\">\n\t\t<p>Les rencontres peuvent inclure des rituels sacr\u00e9s,<br \/>\ndes m\u00e9ditations guid\u00e9es,<br \/>\ndes chants, des gestes symboliques,<br \/>\ndes temps de reliance \u00e0 la Terre, \u00e0 l\u2019Eau,<br \/>\n\u00e0 la lign\u00e9e des m\u00e8res et aux \u00e2mes des enfants \u00e0 venir.<\/p>\n<p>Chaque cercle est une offrande,<br \/>\nune co-cr\u00e9ation vivante port\u00e9e par l\u2019\u00e9nergie du groupe<br \/>\net par l\u2019intelligence du f\u00e9minin.<\/p>\n\t<\/div>\n<\/div>\n\n\n\n\n\t\t<\/div> \n\t<\/div>\n\t<\/div> \n<\/div><\/div>\n\t\t\t<\/div> \n\t\t<\/div>\n\t<\/div> \n<\/div><\/div>\n\t\t<div id=\"fws_69e7390a825c0\"  data-column-margin=\"default\" data-midnight=\"dark\" data-top-percent=\"5%\"  class=\"wpb_row vc_row-fluid vc_row full-width-section\"  style=\"padding-top: calc(100vw * 0.05); padding-bottom: 0px; \"><div class=\"row-bg-wrap\" data-bg-animation=\"none\" data-bg-animation-delay=\"\" data-bg-overlay=\"false\"><div class=\"inner-wrap row-bg-layer\" ><div class=\"row-bg viewport-desktop using-bg-color\"  style=\"background-color: #FFFFFF; \"><\/div><\/div><\/div><div class=\"row_col_wrap_12 col span_12 dark left\">\n\t<div  class=\"vc_col-sm-12 wpb_column column_container vc_column_container col no-extra-padding inherit_tablet inherit_phone\"  data-padding-pos=\"all\" data-has-bg-color=\"false\" data-bg-color=\"\" data-bg-opacity=\"1\" data-animation=\"\" data-delay=\"0\" >\n\t\t<div class=\"vc_column-inner\" >\n\t\t\t<div class=\"wpb_wrapper\">\n\t\t\t\t<div id=\"fws_69e7390a826cf\" data-midnight=\"\" data-column-margin=\"default\" class=\"wpb_row vc_row-fluid vc_row inner_row\"  style=\"\"><div class=\"row-bg-wrap\"> <div class=\"row-bg\" ><\/div> <\/div><div class=\"row_col_wrap_12_inner col span_12  left\">\n\t<div  class=\"vc_col-sm-12 wpb_column column_container vc_column_container col child_column centered-text no-extra-padding force-desktop-text-align-center right_margin_16pct left_margin_16pct right_margin_phone_0px left_margin_phone_0px inherit_tablet inherit_phone\"   data-padding-pos=\"all\" data-has-bg-color=\"false\" data-bg-color=\"\" data-bg-opacity=\"1\" data-animation=\"\" data-delay=\"0\" >\n\t\t<div class=\"vc_column-inner\" >\n\t\t<div class=\"wpb_wrapper\">\n\t\t\t\n<div class=\"wpb_text_column wpb_content_element\" >\n\t<div class=\"wpb_wrapper\">\n\t\t<blockquote>\n<p style=\"text-align: center;\">\u00a0<b>Un espace pour se souvenir qui nous sommes.<\/b><b><br \/>\n<\/b><b>Un espace pour gu\u00e9rir la lign\u00e9e.<\/b><b><br \/>\n<\/b><b>Un espace pour incarner la M\u00e8re Sacr\u00e9e en soi.<\/b><\/p>\n<\/blockquote>\n\t<\/div>\n<\/div>\n\n\n\n\n\t\t<\/div> \n\t<\/div>\n\t<\/div> \n<\/div><\/div>\n\t\t\t<\/div> \n\t\t<\/div>\n\t<\/div> \n<\/div><\/div>\n\t\t<div id=\"fws_69e7390a828b3\"  data-column-margin=\"default\" data-midnight=\"dark\" data-top-percent=\"5%\" data-bottom-percent=\"5%\"  class=\"wpb_row vc_row-fluid vc_row full-width-section  top_padding_phone_15pct bottom_padding_phone_15pct\"  style=\"padding-top: calc(100vw * 0.05); padding-bottom: calc(100vw * 0.05); \"><div class=\"row-bg-wrap\" data-bg-animation=\"none\" data-bg-animation-delay=\"\" data-bg-overlay=\"false\"><div class=\"inner-wrap row-bg-layer\" ><div class=\"row-bg viewport-desktop using-bg-color\"  style=\"background-color: #FFFFFF; \"><\/div><\/div><\/div><div class=\"row_col_wrap_12 col span_12 dark left\">\n\t<div  class=\"vc_col-sm-12 wpb_column column_container vc_column_container col no-extra-padding inherit_tablet inherit_phone\"  data-padding-pos=\"all\" data-has-bg-color=\"false\" data-bg-color=\"\" data-bg-opacity=\"1\" data-animation=\"\" data-delay=\"0\" >\n\t\t<div class=\"vc_column-inner\" >\n\t\t\t<div class=\"wpb_wrapper\">\n\t\t\t\t<div id=\"fws_69e7390a82a56\" data-midnight=\"\" data-column-margin=\"default\" class=\"wpb_row vc_row-fluid vc_row inner_row\"  style=\"\"><div class=\"row-bg-wrap\"> <div class=\"row-bg\" ><\/div> <\/div><div class=\"row_col_wrap_12_inner col span_12  left\">\n\t<div  class=\"vc_col-sm-12 wpb_column column_container vc_column_container col child_column centered-text no-extra-padding force-desktop-text-align-center right_margin_16pct left_margin_16pct right_margin_phone_0px left_margin_phone_0px inherit_tablet inherit_phone\"   data-padding-pos=\"all\" data-has-bg-color=\"false\" data-bg-color=\"\" data-bg-opacity=\"1\" data-animation=\"\" data-delay=\"0\" >\n\t\t<div class=\"vc_column-inner\" >\n\t\t<div class=\"wpb_wrapper\">\n\t\t\t<div class=\"img-with-aniamtion-wrap center\" data-max-width=\"100%\" data-max-width-mobile=\"default\" data-shadow=\"none\" data-animation=\"none\" >\n      <div class=\"inner\">\n        <div class=\"hover-wrap\"> \n          <div class=\"hover-wrap-inner\">\n            <img loading=\"lazy\" decoding=\"async\" class=\"img-with-animation skip-lazy\" data-delay=\"0\" height=\"94\" width=\"494\" data-animation=\"none\" src=\"https:\/\/naissancesacree.com\/wp-content\/uploads\/2026\/01\/heart-swoop.webp\" alt=\"Sacred feminine symbol \u2014 holistic doula Nelson BC\" srcset=\"https:\/\/naissancesacree.com\/wp-content\/uploads\/2026\/01\/heart-swoop.webp 494w, https:\/\/naissancesacree.com\/wp-content\/uploads\/2026\/01\/heart-swoop-300x57.webp 300w, https:\/\/naissancesacree.com\/wp-content\/uploads\/2026\/01\/heart-swoop-18x3.webp 18w\" sizes=\"auto, (max-width: 494px) 100vw, 494px\" \/>\n          <\/div>\n        <\/div>\n      <\/div>\n    <\/div><div class=\"divider-wrap\" data-alignment=\"default\"><div style=\"height: 20px;\" class=\"divider\"><\/div><\/div>\n<div class=\"wpb_text_column wpb_content_element\" >\n\t<div class=\"wpb_wrapper\">\n\t\t<h2 style=\"text-align: center;\"><b>Mon R\u00f4le en tant que Facilitatrice d\u2019Espace Sacr\u00e9<\/b><\/h2>\n\t<\/div>\n<\/div>\n\n\n\n\n<div class=\"wpb_text_column wpb_content_element\" >\n\t<div class=\"wpb_wrapper\">\n\t\t<p style=\"text-align: center;\">Je ne guide pas le cercle, je <b>le<\/b> tiens.<br \/>\nJe cr\u00e9e un espace s\u00fbr, ancr\u00e9 et sacr\u00e9,<br \/>\no\u00f9 chaque femme peut se d\u00e9poser pleinement,<br \/>\ndans sa v\u00e9rit\u00e9, son rythme et son essence.<\/p>\n<p style=\"text-align: center;\">En tant que facilitatrice d\u2019espace sacr\u00e9, mon r\u00f4le est d\u2019ouvrir le champ,<br \/>\nde poser les intentions,<br \/>\nd\u2019appeler les \u00e9nergies de protection, de douceur et de clart\u00e9,<br \/>\nafin que le cercle devienne un v\u00e9ritable <b>temple vivant.<\/b>.<\/p>\n<p style=\"text-align: center;\">Je veille \u00e0 la s\u00e9curit\u00e9 \u00e9motionnelle, \u00e9nerg\u00e9tique et spirituelle du groupe.<br \/>\nJe garde le cadre, la confidentialit\u00e9 et le respect mutuel,<br \/>\npour que la parole puisse circuler librement<br \/>\net que les silences puissent \u00eatre honor\u00e9s.<\/p>\n<p style=\"text-align: center;\">Je n\u2019apporte pas de r\u00e9ponses toutes faites.<br \/>\nJe ne gu\u00e9ris pas \u00e0 votre place.<br \/>\nJe <b>rappelle<\/b> \u00e0 chacune sa propre sagesse int\u00e9rieure.<\/p>\n<p style=\"text-align: center;\">J\u2019accompagne les passages avec pr\u00e9sence et une profonde \u00e9coute,<br \/>\ninvitant le corps \u00e0 parler,<br \/>\nsoutenant les \u00e9motions qui \u00e9mergent,<br \/>\net je facilite la transmutation lorsque cela est juste.<\/p>\n<p style=\"text-align: center;\">Je fais le lien entre la Terre et le Ciel,<br \/>\nentre l\u2019intime et l\u2019universel,<br \/>\nentre les m\u00e9moires anciennes et le vivant d\u2019aujourd\u2019hui.<\/p>\n<p style=\"text-align: center;\">Je suis au service du cercle,<br \/>\nau service du f\u00e9minin,<br \/>\nau service de la vie qui cherche \u00e0 se dire,<br \/>\n\u00e0 se gu\u00e9rir et \u00e0 se c\u00e9l\u00e9brer \u00e0 travers chaque femme.<\/p>\n<blockquote>\n<p style=\"text-align: center;\">\u00a0<b>Tenir l\u2019espace,<\/b><b><br \/>\n<\/b><b>c\u2019est offrir un contenant sacr\u00e9<\/b><b><br \/>\n<\/b><b>pour que chacune puisse se souvenir qui elle est.<\/b><\/p>\n<\/blockquote>\n\t<\/div>\n<\/div>\n\n\n\n\n\t\t<\/div> \n\t<\/div>\n\t<\/div> \n<\/div><\/div>\n\t\t\t<\/div> \n\t\t<\/div>\n\t<\/div> \n<\/div><\/div>\n\t\t<div id=\"fws_69e7390a831d3\"  data-column-margin=\"default\" data-midnight=\"dark\" data-top-percent=\"6%\" data-bottom-percent=\"12%\"  class=\"wpb_row vc_row-fluid vc_row full-width-section  bottom_padding_tablet_30pct\"  style=\"padding-top: calc(100vw * 0.06); padding-bottom: calc(100vw * 0.12); \"><div class=\"row-bg-wrap\" data-bg-animation=\"none\" data-bg-animation-delay=\"\" data-bg-overlay=\"false\"><div class=\"inner-wrap row-bg-layer\" ><div class=\"row-bg viewport-desktop using-bg-color\"  style=\"background-color: #FAF1F2; \"><\/div><\/div><\/div><div class=\"row_col_wrap_12 col span_12 dark left\">\n\t<div  class=\"vc_col-sm-12 wpb_column column_container vc_column_container col no-extra-padding inherit_tablet inherit_phone\"  data-padding-pos=\"all\" data-has-bg-color=\"false\" data-bg-color=\"\" data-bg-opacity=\"1\" data-animation=\"\" data-delay=\"0\" >\n\t\t<div class=\"vc_column-inner\" >\n\t\t\t<div class=\"wpb_wrapper\">\n\t\t\t\t\n<div class=\"wpb_text_column wpb_content_element\" >\n\t<div class=\"wpb_wrapper\">\n\t\t<p>UN CERCLE EST TENU A CHAQUE PLEINE LUNE EN PRESENTIEL ou EN LIGNE<\/p>\n<p>&nbsp;<\/p>\n<p>Si tu es int\u00e9ress\u00e9e, tu peux prendre contact ici<\/p>\n\t<\/div>\n<\/div>\n\n\n\n<div class=\"nectar-cta  alignment_tablet_default alignment_phone_default display_tablet_inherit display_phone_inherit\" data-color=\"default\" data-using-bg=\"false\" data-display=\"block\" data-style=\"underline\" data-alignment=\"left\" data-text-color=\"custom\" ><span style=\"color: #000000;\" class=\"nectar-button-type\"> <span class=\"link_wrap\" ><a  class=\"link_text\" style=\"border-color: #000000;\" role=\"button\" href=\"\">Contactez nous<\/a><\/span><\/span><\/div>\n\t\t\t<\/div> \n\t\t<\/div>\n\t<\/div> \n<\/div><\/div>","protected":false},"excerpt":{"rendered":"Sacred Birthing Education Mama Circle Women\u2019s Circle Temple of the Sacred Feminine &amp; Memory of the Mothers WHAT IS IT? The circle is one of the most ancient expressions of...","protected":false},"author":2,"featured_media":0,"parent":1971,"menu_order":0,"comment_status":"closed","ping_status":"closed","template":"","meta":{"_acf_changed":false,"footnotes":""},"class_list":["post-1973","page","type-page","status-publish"],"acf":[],"_links":{"self":[{"href":"https:\/\/naissancesacree.com\/fr\/wp-json\/wp\/v2\/pages\/1973","targetHints":{"allow":["GET"]}}],"collection":[{"href":"https:\/\/naissancesacree.com\/fr\/wp-json\/wp\/v2\/pages"}],"about":[{"href":"https:\/\/naissancesacree.com\/fr\/wp-json\/wp\/v2\/types\/page"}],"author":[{"embeddable":true,"href":"https:\/\/naissancesacree.com\/fr\/wp-json\/wp\/v2\/users\/2"}],"replies":[{"embeddable":true,"href":"https:\/\/naissancesacree.com\/fr\/wp-json\/wp\/v2\/comments?post=1973"}],"version-history":[{"count":6,"href":"https:\/\/naissancesacree.com\/fr\/wp-json\/wp\/v2\/pages\/1973\/revisions"}],"predecessor-version":[{"id":2156,"href":"https:\/\/naissancesacree.com\/fr\/wp-json\/wp\/v2\/pages\/1973\/revisions\/2156"}],"up":[{"embeddable":true,"href":"https:\/\/naissancesacree.com\/fr\/wp-json\/wp\/v2\/pages\/1971"}],"wp:attachment":[{"href":"https:\/\/naissancesacree.com\/fr\/wp-json\/wp\/v2\/media?parent=1973"}],"curies":[{"name":"wp","href":"https:\/\/api.w.org\/{rel}","templated":true}]}}